{"id":7746,"date":"2020-06-18T16:49:28","date_gmt":"2020-06-18T13:49:28","guid":{"rendered":"https:\/\/arkasghana.com\/deneme\/?page_id=7746"},"modified":"2023-03-30T08:52:04","modified_gmt":"2023-03-30T05:52:04","slug":"inicio","status":"publish","type":"page","link":"https:\/\/arkasspain.com\/demo\/inicio\/","title":{"rendered":"Inicio"},"content":{"rendered":"<section class=\"l-section wpb_row height_auto width_full\"><div class=\"l-section-h i-cf\"><div class=\"g-cols vc_row type_default valign_top\"><div class=\"vc_col-sm-12 wpb_column vc_column_container\"><div class=\"vc_column-inner\"><div class=\"wpb_wrapper\">\n<div id=\"rev_slider_10_1_wrapper\" class=\"rev_slider_wrapper fullwidthbanner-container\" data-source=\"gallery\" style=\"margin:0px auto;background:transparent;padding:0px;margin-top:0px;margin-bottom:0px;\">\n<!-- START REVOLUTION SLIDER 5.4.8.3 auto mode -->\n\t<div id=\"rev_slider_10_1\" class=\"rev_slider fullwidthabanner\" style=\"display:none;\" data-version=\"5.4.8.3\">\n<ul>\t<!-- SLIDE  -->\n\t<li data-index=\"rs-51\" data-transition=\"fade\" data-slotamount=\"default\" data-hideafterloop=\"0\" data-hideslideonmobile=\"off\"  data-easein=\"default\" data-easeout=\"default\" data-masterspeed=\"300\"  data-thumb=\"https:\/\/arkasspain.com\/demo\/wp-content\/uploads\/2020\/07\/Valencia-port-1-100x50.jpg\"  data-rotate=\"0\"  data-saveperformance=\"off\"  data-title=\"Slide\" data-param1=\"\" data-param2=\"\" data-param3=\"\" data-param4=\"\" data-param5=\"\" data-param6=\"\" data-param7=\"\" data-param8=\"\" data-param9=\"\" data-param10=\"\" data-description=\"\">\n\t\t<!-- MAIN IMAGE -->\n\t\t<img src=\"https:\/\/arkasspain.com\/demo\/wp-content\/uploads\/2020\/07\/Valencia-port-1.jpg\"  alt=\"\" title=\"Valencia-port\"  width=\"1920\" height=\"900\" data-bgposition=\"center center\" data-bgfit=\"cover\" data-bgrepeat=\"no-repeat\" data-bgparallax=\"off\" class=\"rev-slidebg\" data-no-retina>\n\t\t<!-- LAYERS -->\n\t<\/li>\n\t<!-- SLIDE  -->\n\t<li data-index=\"rs-55\" data-transition=\"fade\" data-slotamount=\"default\" data-hideafterloop=\"0\" data-hideslideonmobile=\"off\"  data-easein=\"default\" data-easeout=\"default\" data-masterspeed=\"300\"  data-thumb=\"https:\/\/arkasspain.com\/demo\/wp-content\/uploads\/2020\/06\/11-100x50.jpg\"  data-rotate=\"0\"  data-saveperformance=\"off\"  data-title=\"Slide\" data-param1=\"\" data-param2=\"\" data-param3=\"\" data-param4=\"\" data-param5=\"\" data-param6=\"\" data-param7=\"\" data-param8=\"\" data-param9=\"\" data-param10=\"\" data-description=\"\">\n\t\t<!-- MAIN IMAGE -->\n\t\t<img src=\"https:\/\/arkasspain.com\/demo\/wp-content\/uploads\/2020\/06\/11.jpg\"  alt=\"\" title=\"11\"  width=\"1920\" height=\"1080\" data-bgposition=\"center center\" data-bgfit=\"cover\" data-bgrepeat=\"no-repeat\" data-bgparallax=\"off\" class=\"rev-slidebg\" data-no-retina>\n\t\t<!-- LAYERS -->\n\t<\/li>\n\t<!-- SLIDE  -->\n\t<li data-index=\"rs-53\" data-transition=\"fade\" data-slotamount=\"default\" data-hideafterloop=\"0\" data-hideslideonmobile=\"off\"  data-easein=\"default\" data-easeout=\"default\" data-masterspeed=\"300\"  data-thumb=\"https:\/\/arkasspain.com\/demo\/wp-content\/uploads\/2020\/06\/2-100x50.jpg\"  data-rotate=\"0\"  data-saveperformance=\"off\"  data-title=\"Slide\" data-param1=\"\" data-param2=\"\" data-param3=\"\" data-param4=\"\" data-param5=\"\" data-param6=\"\" data-param7=\"\" data-param8=\"\" data-param9=\"\" data-param10=\"\" data-description=\"\">\n\t\t<!-- MAIN IMAGE -->\n\t\t<img src=\"https:\/\/arkasspain.com\/demo\/wp-content\/uploads\/2020\/06\/2.jpg\"  alt=\"\" title=\"2\"  width=\"1920\" height=\"1080\" data-bgposition=\"center center\" data-bgfit=\"cover\" data-bgrepeat=\"no-repeat\" data-bgparallax=\"off\" class=\"rev-slidebg\" data-no-retina>\n\t\t<!-- LAYERS -->\n\t<\/li>\n<\/ul>\n<script>var htmlDiv = document.getElementById(\"rs-plugin-settings-inline-css\"); var htmlDivCss=\"\";\r\n\t\t\t\t\t\tif(htmlDiv) {\r\n\t\t\t\t\t\t\thtmlDiv.innerHTML = htmlDiv.innerHTML + htmlDivCss;\r\n\t\t\t\t\t\t}else{\r\n\t\t\t\t\t\t\tvar htmlDiv = document.createElement(\"div\");\r\n\t\t\t\t\t\t\thtmlDiv.innerHTML = \"<style>\" + htmlDivCss + \"<\/style>\";\r\n\t\t\t\t\t\t\tdocument.getElementsByTagName(\"head\")[0].appendChild(htmlDiv.childNodes[0]);\r\n\t\t\t\t\t\t}\r\n\t\t\t\t\t<\/script>\n<div class=\"tp-bannertimer\" style=\"height: 5px; background: rgba(0,0,0,0.15);\"><\/div>\t<\/div>\n<script>var htmlDiv = document.getElementById(\"rs-plugin-settings-inline-css\"); var htmlDivCss=\"\";\r\n\t\t\t\tif(htmlDiv) {\r\n\t\t\t\t\thtmlDiv.innerHTML = htmlDiv.innerHTML + htmlDivCss;\r\n\t\t\t\t}else{\r\n\t\t\t\t\tvar htmlDiv = document.createElement(\"div\");\r\n\t\t\t\t\thtmlDiv.innerHTML = \"<style>\" + htmlDivCss + \"<\/style>\";\r\n\t\t\t\t\tdocument.getElementsByTagName(\"head\")[0].appendChild(htmlDiv.childNodes[0]);\r\n\t\t\t\t}\r\n\t\t\t<\/script>\n\t\t<script type=\"text\/javascript\">\r\nif (setREVStartSize!==undefined) setREVStartSize(\r\n\t{c: '#rev_slider_10_1', responsiveLevels: [1240,1024,778,480], gridwidth: [1240,1024,778,480], gridheight: [550,600,500,400], sliderLayout: 'auto'});\r\n\t\t\t\r\nvar revapi10,\r\n\ttpj;\t\r\n(function() {\t\t\t\r\n\tif (!\/loaded|interactive|complete\/.test(document.readyState)) document.addEventListener(\"DOMContentLoaded\",onLoad); else onLoad();\t\r\n\tfunction onLoad() {\t\t\t\t\r\n\t\tif (tpj===undefined) { tpj = jQuery; if(\"off\" == \"on\") tpj.noConflict();}\r\n\tif(tpj(\"#rev_slider_10_1\").revolution == undefined){\n\t\trevslider_showDoubleJqueryError(\"#rev_slider_10_1\");\n\t}else{\n\t\trevapi10 = tpj(\"#rev_slider_10_1\").show().revolution({\n\t\t\tsliderType:\"standard\",\n\t\t\tjsFileLocation:\"\/\/arkasspain.com\/demo\/wp-content\/plugins\/revslider\/public\/assets\/js\/\",\n\t\t\tsliderLayout:\"auto\",\n\t\t\tdottedOverlay:\"none\",\n\t\t\tdelay:4500,\n\t\t\tnavigation: {\n\t\t\t\tkeyboardNavigation:\"off\",\n\t\t\t\tkeyboard_direction: \"horizontal\",\n\t\t\t\tmouseScrollNavigation:\"off\",\n \t\t\t\t\t\t\tmouseScrollReverse:\"default\",\n\t\t\t\tonHoverStop:\"off\",\n\t\t\t\ttouch:{\n\t\t\t\t\ttouchenabled:\"on\",\n\t\t\t\t\ttouchOnDesktop:\"off\",\n\t\t\t\t\tswipe_threshold: 75,\n\t\t\t\t\tswipe_min_touches: 50,\n\t\t\t\t\tswipe_direction: \"horizontal\",\n\t\t\t\t\tdrag_block_vertical: false\n\t\t\t\t}\n\t\t\t\t,\n\t\t\t\tarrows: {\n\t\t\t\t\tstyle:\"uranus\",\n\t\t\t\t\tenable:true,\n\t\t\t\t\thide_onmobile:true,\n\t\t\t\t\thide_under:600,\n\t\t\t\t\thide_onleave:true,\n\t\t\t\t\thide_delay:200,\n\t\t\t\t\thide_delay_mobile:1200,\n\t\t\t\t\ttmp:'',\n\t\t\t\t\tleft: {\n\t\t\t\t\t\th_align:\"left\",\n\t\t\t\t\t\tv_align:\"center\",\n\t\t\t\t\t\th_offset:30,\n\t\t\t\t\t\tv_offset:0\n\t\t\t\t\t},\n\t\t\t\t\tright: {\n\t\t\t\t\t\th_align:\"right\",\n\t\t\t\t\t\tv_align:\"center\",\n\t\t\t\t\t\th_offset:30,\n\t\t\t\t\t\tv_offset:0\n\t\t\t\t\t}\n\t\t\t\t}\n\t\t\t},\n\t\t\tresponsiveLevels:[1240,1024,778,480],\n\t\t\tvisibilityLevels:[1240,1024,778,480],\n\t\t\tgridwidth:[1240,1024,778,480],\n\t\t\tgridheight:[550,600,500,400],\n\t\t\tlazyType:\"none\",\n\t\t\tparallax: {\n\t\t\t\ttype:\"mouse\",\n\t\t\t\torigo:\"slidercenter\",\n\t\t\t\tspeed:2000,\n\t\t\t\tspeedbg:0,\n\t\t\t\tspeedls:0,\n\t\t\t\tlevels:[2,3,4,5,6,7,12,16,10,50,47,48,49,50,51,55],\n\t\t\t},\n\t\t\tshadow:0,\n\t\t\tspinner:\"off\",\n\t\t\tstopLoop:\"off\",\n\t\t\tstopAfterLoops:-1,\n\t\t\tstopAtSlide:-1,\n\t\t\tshuffle:\"off\",\n\t\t\tautoHeight:\"off\",\n\t\t\thideThumbsOnMobile:\"off\",\n\t\t\thideSliderAtLimit:0,\n\t\t\thideCaptionAtLimit:0,\n\t\t\thideAllCaptionAtLilmit:0,\n\t\t\tdebugMode:false,\n\t\t\tfallbacks: {\n\t\t\t\tsimplifyAll:\"off\",\n\t\t\t\tnextSlideOnWindowFocus:\"off\",\n\t\t\t\tdisableFocusListener:false,\n\t\t\t}\n\t\t});\n\t}; \/* END OF revapi call *\/\n\t\n }; \/* END OF ON LOAD FUNCTION *\/\r\n}()); \/* END OF WRAPPING FUNCTION *\/\r\n<\/script>\r\n\t\t<script>\r\n\t\t\t\t\tvar htmlDivCss = unescape(\"%23rev_slider_10_1%20.uranus.tparrows%20%7B%0A%20%20width%3A50px%3B%0A%20%20height%3A50px%3B%0A%20%20background%3Argba%28255%2C255%2C255%2C0%29%3B%0A%20%7D%0A%20%23rev_slider_10_1%20.uranus.tparrows%3Abefore%20%7B%0A%20width%3A50px%3B%0A%20height%3A50px%3B%0A%20line-height%3A50px%3B%0A%20font-size%3A40px%3B%0A%20transition%3Aall%200.3s%3B%0A-webkit-transition%3Aall%200.3s%3B%0A%20%7D%0A%20%0A%20%20%23rev_slider_10_1%20.uranus.tparrows%3Ahover%3Abefore%20%7B%0A%20%20%20%20opacity%3A0.75%3B%0A%20%20%7D%0A\");\r\n\t\t\t\t\tvar htmlDiv = document.getElementById('rs-plugin-settings-inline-css');\r\n\t\t\t\t\tif(htmlDiv) {\r\n\t\t\t\t\t\thtmlDiv.innerHTML = htmlDiv.innerHTML + htmlDivCss;\r\n\t\t\t\t\t}\r\n\t\t\t\t\telse{\r\n\t\t\t\t\t\tvar htmlDiv = document.createElement('div');\r\n\t\t\t\t\t\thtmlDiv.innerHTML = '<style>' + htmlDivCss + '<\/style>';\r\n\t\t\t\t\t\tdocument.getElementsByTagName('head')[0].appendChild(htmlDiv.childNodes[0]);\r\n\t\t\t\t\t}\r\n\t\t\t\t  <\/script>\r\n\t\t\t\t<\/div><!-- END REVOLUTION SLIDER --><\/div><\/div><\/div><\/div><\/div><\/section><section class=\"l-section wpb_row height_auto\" id=\"first\"><div class=\"l-section-h i-cf\"><div class=\"g-cols vc_row type_default valign_top\"><div class=\"vc_col-sm-12 wpb_column vc_column_container\"><div class=\"vc_column-inner\"><div class=\"wpb_wrapper\"><div class=\"w-separator size_medium\"><\/div><div class=\"g-cols wpb_row  type_default valign_top vc_inner \"><div class=\"vc_col-sm-3 wpb_column vc_column_container\"><div class=\"vc_column-inner\"><div class=\"wpb_wrapper\"><a class=\"w-flipbox animation_cubetilt direction_w\" style=\"width:100%;\" href=\"https:\/\/webtracking.arkasline.com.tr\/routefinder\" target=\"_blank\" rel=\"noopener nofollow\"><div class=\"w-flipbox-h easing_ease\" style=\"transition-duration:0.5s;\"><div class=\"w-flipbox-hh\"><div class=\"w-flipbox-front\" style=\"height:200px;background:rgba(26,26,26,0.75);color:#ffffff;background-image:url(&quot;https:\/\/arkasspain.com\/demo\/wp-content\/uploads\/2020\/05\/sea-freight.jpg&quot;);\"><div class=\"w-flipbox-front-h\"><div class=\"w-flipbox-front-icon style_default\" style=\"font-size:4rem;color:#ffffff;\"><i class=\"fal fa-route\"><\/i><\/div><h4 class=\"w-flipbox-front-title\" style=\"color:#ffffff;\">Route Finder<\/h4><\/div><\/div><div class=\"w-flipbox-back\" style=\"display:none;background:#578ad6;color:#ffffff;\"><div class=\"w-flipbox-back-h\"><h4 class=\"w-flipbox-back-title\" style=\"color:#ffffff;\">Route Finder<\/h4><\/div><\/div><\/div><\/div><\/a><\/div><\/div><\/div><div class=\"vc_col-sm-3 wpb_column vc_column_container\"><div class=\"vc_column-inner\"><div class=\"wpb_wrapper\"><a class=\"w-flipbox animation_cubetilt direction_w\" style=\"width:100%;\" href=\"https:\/\/webtracking.arkasline.com.tr\/shipmenttracking\" target=\"_blank\" rel=\"noopener nofollow\"><div class=\"w-flipbox-h easing_ease\" style=\"transition-duration:0.5s;\"><div class=\"w-flipbox-hh\"><div class=\"w-flipbox-front\" style=\"height:200px;background:rgba(26,26,26,0.75);color:#ffffff;background-image:url(&quot;https:\/\/arkasspain.com\/demo\/wp-content\/uploads\/2020\/05\/containers50.jpg&quot;);\"><div class=\"w-flipbox-front-h\"><div class=\"w-flipbox-front-icon style_default\" style=\"font-size:4rem;color:#ffffff;\"><i class=\"fal fa-container-storage\"><\/i><\/div><h4 class=\"w-flipbox-front-title\" style=\"color:#ffffff;\">Shipment Tracking<\/h4><\/div><\/div><div class=\"w-flipbox-back\" style=\"display:none;background:#578ad6;color:#ffffff;\"><div class=\"w-flipbox-back-h\"><h4 class=\"w-flipbox-back-title\" style=\"color:#ffffff;\">Shipment Tracking<\/h4><\/div><\/div><\/div><\/div><\/a><\/div><\/div><\/div><div class=\"vc_col-sm-3 wpb_column vc_column_container\"><div class=\"vc_column-inner\"><div class=\"wpb_wrapper\"><a class=\"w-flipbox animation_cubetilt direction_e\" style=\"width:100%;\" href=\"https:\/\/webtracking.arkasline.com.tr\/portschedule\" target=\"_blank\" rel=\"noopener nofollow\"><div class=\"w-flipbox-h easing_ease\" style=\"transition-duration:0.5s;\"><div class=\"w-flipbox-hh\"><div class=\"w-flipbox-front\" style=\"height:200px;background:rgba(26,26,26,0.75);color:#ffffff;background-image:url(&quot;https:\/\/arkasspain.com\/demo\/wp-content\/uploads\/2020\/05\/206240182_large50.jpg&quot;);\"><div class=\"w-flipbox-front-h\"><div class=\"w-flipbox-front-icon style_default\" style=\"font-size:4rem;color:#ffffff;\"><i class=\"fal fa-calendar-alt\"><\/i><\/div><h4 class=\"w-flipbox-front-title\" style=\"color:#ffffff;\">Port Schedule<\/h4><\/div><\/div><div class=\"w-flipbox-back\" style=\"display:none;background:#578ad6;color:#ffffff;\"><div class=\"w-flipbox-back-h\"><h4 class=\"w-flipbox-back-title\" style=\"color:#ffffff;\">Port Schedule<\/h4><\/div><\/div><\/div><\/div><\/a><\/div><\/div><\/div><div class=\"vc_col-sm-3 wpb_column vc_column_container\"><div class=\"vc_column-inner\"><div class=\"wpb_wrapper\"><a class=\"w-flipbox animation_cubetilt direction_e\" style=\"width:100%;\" href=\"https:\/\/webtracking.arkasline.com.tr\/vesselschedule\" target=\"_blank\" rel=\"noopener nofollow\"><div class=\"w-flipbox-h easing_ease\" style=\"transition-duration:0.5s;\"><div class=\"w-flipbox-hh\"><div class=\"w-flipbox-front\" style=\"height:200px;background:rgba(26,26,26,0.75);color:#ffffff;background-image:url(&quot;https:\/\/arkasspain.com\/demo\/wp-content\/uploads\/2020\/05\/vivien50.jpg&quot;);\"><div class=\"w-flipbox-front-h\"><div class=\"w-flipbox-front-icon style_default\" style=\"font-size:4rem;color:#ffffff;\"><i class=\"fal fa-ship\"><\/i><\/div><h4 class=\"w-flipbox-front-title\" style=\"color:#ffffff;\">Vessel Schedule<\/h4><\/div><\/div><div class=\"w-flipbox-back\" style=\"display:none;background:#578ad6;color:#ffffff;\"><div class=\"w-flipbox-back-h\"><h4 class=\"w-flipbox-back-title\" style=\"color:#ffffff;\">Vessel Schedule<\/h4><\/div><\/div><\/div><\/div><\/a><\/div><\/div><\/div><\/div><div class=\"w-separator size_medium\"><\/div><\/div><\/div><\/div><\/div><\/div><\/section><section class=\"l-section wpb_row height_auto\"><div class=\"l-section-h i-cf\"><div class=\"g-cols vc_row type_default valign_top\"><div class=\"vc_col-sm-12 wpb_column vc_column_container\"><div class=\"vc_column-inner\"><div class=\"wpb_wrapper\"><div class=\"w-separator size_small\"><\/div>\r\n\t<div class=\"wpb_text_column \">\r\n\t\t<div class=\"wpb_wrapper\">\r\n\t\t\t<h1 style=\"text-align: center;\"><strong>Arkas Espa\u00f1a<\/strong><\/h1>\n\r\n\t\t<\/div>\r\n\t<\/div>\r\n<div class=\"w-separator size_small\"><\/div>\r\n\t<div class=\"wpb_text_column \">\r\n\t\t<div class=\"wpb_wrapper\">\r\n\t\t\t<p style=\"text-align: center;\">Arkas es una empresa que inici\u00f3 su actividad en Turqu\u00eda a principios de 1900. Actualmente es un holding multinacional que ofrece trabajo a 7300 personas en sus 66 compa\u00f1\u00edas que est\u00e1n operando en diferentes \u00e1reas entre las que se encuentran los servicios log\u00edsticos que incluye transporte mar\u00edtimo, carretera, ferrocarril y a\u00e9reo; servicios de agencia, operaciones de buques, operativa portuaria, suministro de combustible, automoci\u00f3n, servicios de seguros, sistemas de informaci\u00f3n y turismo.<\/p>\n\r\n\t\t<\/div>\r\n\t<\/div>\r\n<div class=\"w-separator size_small\"><\/div><div class=\"w-btn-wrapper width_auto align_center\"><a class=\"w-btn us-btn-style_1\" href=\"http:\/\/arkasspain.com\/sobre-nosotros\/\"><span class=\"w-btn-label\">Lee Mas<\/span><\/a><\/div><div class=\"w-separator size_medium\"><\/div><\/div><\/div><\/div><\/div><\/div><\/section>\n","protected":false},"excerpt":{"rendered":"var htmlDiv = document.getElementById(\"rs-plugin-settings-inline-css\"); var htmlDivCss=\"\"; if(htmlDiv) { htmlDiv.innerHTML = htmlDiv.innerHTML + htmlDivCss; }else{ var htmlDiv = document.createElement(\"div\"); htmlDiv.innerHTML = \"\" + htmlDivCss + \"\"; document.getElementsByTagName(\"head\")[0].appendChild(htmlDiv.childNodes[0]); } var htmlDiv = document.getElementById(\"rs-plugin-settings-inline-css\"); var htmlDivCss=\"\"; if(htmlDiv) { htmlDiv.innerHTML = htmlDiv.innerHTML + htmlDivCss; }else{ var htmlDiv = document.createElement(\"div\"); htmlDiv.innerHTML = \"\" + htmlDivCss + \"\"; document.getElementsByTagName(\"head\")[0].appendChild(htmlDiv.childNodes[0]); } if...","protected":false},"author":1,"featured_media":0,"parent":0,"menu_order":0,"comment_status":"closed","ping_status":"closed","template":"","meta":[],"acf":[],"yoast_head":"<!-- This site is optimized with the Yoast SEO plugin v20.3 - https:\/\/yoast.com\/wordpress\/plugins\/seo\/ -->\n<title>Inicio - Arkas Ukraine<\/title>\n<meta name=\"robots\" content=\"index, follow, max-snippet:-1, max-image-preview:large, max-video-preview:-1\" \/>\n<link rel=\"canonical\" href=\"https:\/\/arkasspain.com\/demo\/inicio\/\" \/>\n<meta property=\"og:locale\" content=\"tr_TR\" \/>\n<meta property=\"og:type\" content=\"article\" \/>\n<meta property=\"og:title\" content=\"Inicio - Arkas Ukraine\" \/>\n<meta property=\"og:url\" content=\"https:\/\/arkasspain.com\/demo\/inicio\/\" \/>\n<meta property=\"og:site_name\" content=\"Arkas Ukraine\" \/>\n<meta property=\"article:publisher\" content=\"https:\/\/www.facebook.com\/arkasholding\" \/>\n<meta property=\"article:modified_time\" content=\"2023-03-30T05:52:04+00:00\" \/>\n<meta name=\"twitter:card\" content=\"summary_large_image\" \/>\n<meta name=\"twitter:site\" content=\"@arkas_holding\" \/>\n<meta name=\"twitter:label1\" content=\"Tahmini okuma s\u00fcresi\" \/>\n\t<meta name=\"twitter:data1\" content=\"2 dakika\" \/>\n<script type=\"application\/ld+json\" class=\"yoast-schema-graph\">{\"@context\":\"https:\/\/schema.org\",\"@graph\":[{\"@type\":\"WebPage\",\"@id\":\"https:\/\/arkasspain.com\/demo\/inicio\/\",\"url\":\"https:\/\/arkasspain.com\/demo\/inicio\/\",\"name\":\"Inicio - Arkas Ukraine\",\"isPartOf\":{\"@id\":\"https:\/\/arkasspain.com\/demo\/#website\"},\"datePublished\":\"2020-06-18T13:49:28+00:00\",\"dateModified\":\"2023-03-30T05:52:04+00:00\",\"breadcrumb\":{\"@id\":\"https:\/\/arkasspain.com\/demo\/inicio\/#breadcrumb\"},\"inLanguage\":\"tr\",\"potentialAction\":[{\"@type\":\"ReadAction\",\"target\":[\"https:\/\/arkasspain.com\/demo\/inicio\/\"]}]},{\"@type\":\"BreadcrumbList\",\"@id\":\"https:\/\/arkasspain.com\/demo\/inicio\/#breadcrumb\",\"itemListElement\":[{\"@type\":\"ListItem\",\"position\":1,\"name\":\"Ana sayfa\",\"item\":\"https:\/\/arkasspain.com\/demo\/\"},{\"@type\":\"ListItem\",\"position\":2,\"name\":\"Inicio\"}]},{\"@type\":\"WebSite\",\"@id\":\"https:\/\/arkasspain.com\/demo\/#website\",\"url\":\"https:\/\/arkasspain.com\/demo\/\",\"name\":\"Arkas Spain\",\"description\":\"\",\"publisher\":{\"@id\":\"https:\/\/arkasspain.com\/demo\/#organization\"},\"potentialAction\":[{\"@type\":\"SearchAction\",\"target\":{\"@type\":\"EntryPoint\",\"urlTemplate\":\"https:\/\/arkasspain.com\/demo\/?s={search_term_string}\"},\"query-input\":\"required name=search_term_string\"}],\"inLanguage\":\"tr\"},{\"@type\":\"Organization\",\"@id\":\"https:\/\/arkasspain.com\/demo\/#organization\",\"name\":\"Arkas Spain\",\"url\":\"https:\/\/arkasspain.com\/demo\/\",\"logo\":{\"@type\":\"ImageObject\",\"inLanguage\":\"tr\",\"@id\":\"https:\/\/arkasspain.com\/demo\/#\/schema\/logo\/image\/\",\"url\":\"http:\/\/arkasspain.com\/wp-content\/uploads\/2020\/08\/arkas-spain.png\",\"contentUrl\":\"http:\/\/arkasspain.com\/wp-content\/uploads\/2020\/08\/arkas-spain.png\",\"width\":1024,\"height\":348,\"caption\":\"Arkas Spain\"},\"image\":{\"@id\":\"https:\/\/arkasspain.com\/demo\/#\/schema\/logo\/image\/\"},\"sameAs\":[\"https:\/\/www.facebook.com\/arkasholding\",\"https:\/\/twitter.com\/arkas_holding\",\"https:\/\/www.instagram.com\/arkasholding\/\",\"http:\/\/www.linkedin.com\/company\/arkas-holding\/\",\"https:\/\/www.youtube.com\/channel\/UC9S6UfkNpJwcM-1xLy0Ga6A\/featured\",\"https:\/\/tr.wikipedia.org\/wiki\/Arkas_Holding\"]}]}<\/script>\n<!-- \/ Yoast SEO plugin. -->","yoast_head_json":{"title":"Inicio - Arkas Ukraine","robots":{"index":"index","follow":"follow","max-snippet":"max-snippet:-1","max-image-preview":"max-image-preview:large","max-video-preview":"max-video-preview:-1"},"canonical":"https:\/\/arkasspain.com\/demo\/inicio\/","og_locale":"tr_TR","og_type":"article","og_title":"Inicio - Arkas Ukraine","og_url":"https:\/\/arkasspain.com\/demo\/inicio\/","og_site_name":"Arkas Ukraine","article_publisher":"https:\/\/www.facebook.com\/arkasholding","article_modified_time":"2023-03-30T05:52:04+00:00","twitter_card":"summary_large_image","twitter_site":"@arkas_holding","twitter_misc":{"Tahmini okuma s\u00fcresi":"2 dakika"},"schema":{"@context":"https:\/\/schema.org","@graph":[{"@type":"WebPage","@id":"https:\/\/arkasspain.com\/demo\/inicio\/","url":"https:\/\/arkasspain.com\/demo\/inicio\/","name":"Inicio - Arkas Ukraine","isPartOf":{"@id":"https:\/\/arkasspain.com\/demo\/#website"},"datePublished":"2020-06-18T13:49:28+00:00","dateModified":"2023-03-30T05:52:04+00:00","breadcrumb":{"@id":"https:\/\/arkasspain.com\/demo\/inicio\/#breadcrumb"},"inLanguage":"tr","potentialAction":[{"@type":"ReadAction","target":["https:\/\/arkasspain.com\/demo\/inicio\/"]}]},{"@type":"BreadcrumbList","@id":"https:\/\/arkasspain.com\/demo\/inicio\/#breadcrumb","itemListElement":[{"@type":"ListItem","position":1,"name":"Ana sayfa","item":"https:\/\/arkasspain.com\/demo\/"},{"@type":"ListItem","position":2,"name":"Inicio"}]},{"@type":"WebSite","@id":"https:\/\/arkasspain.com\/demo\/#website","url":"https:\/\/arkasspain.com\/demo\/","name":"Arkas Spain","description":"","publisher":{"@id":"https:\/\/arkasspain.com\/demo\/#organization"},"potentialAction":[{"@type":"SearchAction","target":{"@type":"EntryPoint","urlTemplate":"https:\/\/arkasspain.com\/demo\/?s={search_term_string}"},"query-input":"required name=search_term_string"}],"inLanguage":"tr"},{"@type":"Organization","@id":"https:\/\/arkasspain.com\/demo\/#organization","name":"Arkas Spain","url":"https:\/\/arkasspain.com\/demo\/","logo":{"@type":"ImageObject","inLanguage":"tr","@id":"https:\/\/arkasspain.com\/demo\/#\/schema\/logo\/image\/","url":"http:\/\/arkasspain.com\/wp-content\/uploads\/2020\/08\/arkas-spain.png","contentUrl":"http:\/\/arkasspain.com\/wp-content\/uploads\/2020\/08\/arkas-spain.png","width":1024,"height":348,"caption":"Arkas Spain"},"image":{"@id":"https:\/\/arkasspain.com\/demo\/#\/schema\/logo\/image\/"},"sameAs":["https:\/\/www.facebook.com\/arkasholding","https:\/\/twitter.com\/arkas_holding","https:\/\/www.instagram.com\/arkasholding\/","http:\/\/www.linkedin.com\/company\/arkas-holding\/","https:\/\/www.youtube.com\/channel\/UC9S6UfkNpJwcM-1xLy0Ga6A\/featured","https:\/\/tr.wikipedia.org\/wiki\/Arkas_Holding"]}]}},"_links":{"self":[{"href":"https:\/\/arkasspain.com\/demo\/wp-json\/wp\/v2\/pages\/7746"}],"collection":[{"href":"https:\/\/arkasspain.com\/demo\/wp-json\/wp\/v2\/pages"}],"about":[{"href":"https:\/\/arkasspain.com\/demo\/wp-json\/wp\/v2\/types\/page"}],"author":[{"embeddable":true,"href":"https:\/\/arkasspain.com\/demo\/wp-json\/wp\/v2\/users\/1"}],"replies":[{"embeddable":true,"href":"https:\/\/arkasspain.com\/demo\/wp-json\/wp\/v2\/comments?post=7746"}],"version-history":[{"count":7,"href":"https:\/\/arkasspain.com\/demo\/wp-json\/wp\/v2\/pages\/7746\/revisions"}],"predecessor-version":[{"id":7859,"href":"https:\/\/arkasspain.com\/demo\/wp-json\/wp\/v2\/pages\/7746\/revisions\/7859"}],"wp:attachment":[{"href":"https:\/\/arkasspain.com\/demo\/wp-json\/wp\/v2\/media?parent=7746"}],"curies":[{"name":"wp","href":"https:\/\/api.w.org\/{rel}","templated":true}]}}