{"id":7752,"date":"2020-06-18T16:58:18","date_gmt":"2020-06-18T13:58:18","guid":{"rendered":"https:\/\/arkasghana.com\/deneme\/?page_id=7752"},"modified":"2023-03-24T15:10:58","modified_gmt":"2023-03-24T12:10:58","slug":"sobre-nosotros","status":"publish","type":"page","link":"https:\/\/arkasspain.com\/demo\/sobre-nosotros\/","title":{"rendered":"Sobre Nosotros"},"content":{"rendered":"<section class=\"l-section wpb_row height_medium color_primary with_img with_overlay\"><div class=\"l-section-img\" style=\"background-image: url(https:\/\/arkasspain.com\/demo\/wp-content\/uploads\/2020\/05\/Arkas-Holding-5.jpg);\" data-img-width=\"1920\" data-img-height=\"1079\"><\/div><div class=\"l-section-overlay\" style=\"background: rgba(26,26,26,0.8)\"><\/div><div class=\"l-section-h i-cf\"><div class=\"g-cols vc_row type_default valign_top\"><div class=\"vc_col-sm-12 wpb_column vc_column_container\"><div class=\"vc_column-inner\"><div class=\"wpb_wrapper\"><div class=\"w-separator size_small\"><\/div><div class=\"w-separator size_small\"><\/div>[vc_custom_heading text=&#8221;<strong>ARKAS ESPA\u00d1A<\/strong>&#8221; font_container=&#8221;tag:h1|font_size:80|text_align:center&#8221; use_theme_fonts=&#8221;yes&#8221;]<div class=\"w-iconbox iconpos_top style_default color_custom align_center no_title no_text\"><a class=\"w-iconbox-link\" href=\"#aboutus\" aria-hidden=\"true\"><div class=\"w-iconbox-icon\" style=\"color:#ffffff;\"><i class=\"fas fa-chevron-down\"><\/i><\/div><\/a><div class=\"w-iconbox-meta\"><\/div><\/div><div class=\"w-separator size_medium\"><\/div><div class=\"w-separator size_small\"><\/div><\/div><\/div><\/div><\/div><\/div><\/section><section class=\"l-section wpb_row height_auto\" id=\"aboutus\"><div class=\"l-section-h i-cf\"><div class=\"g-cols vc_row type_default valign_top\"><div class=\"vc_col-sm-12 wpb_column vc_column_container\"><div class=\"vc_column-inner\"><div class=\"wpb_wrapper\"><div class=\"w-separator size_medium\"><\/div>\r\n\t<div class=\"wpb_text_column \">\r\n\t\t<div class=\"wpb_wrapper\">\r\n\t\t\t<h1 style=\"text-align: center;\"><strong>Sobre Nosotros<\/strong><\/h1>\n\r\n\t\t<\/div>\r\n\t<\/div>\r\n<div class=\"w-separator size_medium\"><\/div>\r\n\t<div class=\"wpb_text_column \">\r\n\t\t<div class=\"wpb_wrapper\">\r\n\t\t\t<p style=\"text-align: center;\">Arkas es una empresa que inici\u00f3 su actividad en Turqu\u00eda a principios de 1900. Actualmente es un holding multinacional que ofrece trabajo a 7300 personas en sus 66 compa\u00f1\u00edas que est\u00e1n operando en diferentes \u00e1reas entre las que se encuentran los servicios log\u00edsticos que incluye transporte mar\u00edtimo, carretera, ferrocarril y a\u00e9reo; servicios de agencia, operaciones de buques, operativa portuaria, suministro de combustible, automoci\u00f3n, servicios de seguros, sistemas de informaci\u00f3n y turismo.<\/p>\n<p style=\"text-align: center;\">Adem\u00e1s de Turqu\u00eda, Arkas est\u00e1 operando en 23 pa\u00edses a trav\u00e9s de 61 oficinas. Espa\u00f1a es uno de los mercados m\u00e1s importantes donde Arkas est\u00e1 desarrollando su actividad y donde Arkas Spain opera desde el a\u00f1o 2005 como agente consignatario representando a las navieras del grupo que son Arkas Line y EMES Feedering a trav\u00e9s de sus tres oficinas situadas en Valencia que es la sede central y otras que est\u00e1n en Barcelona y Castellon.<\/p>\n\r\n\t\t<\/div>\r\n\t<\/div>\r\n<div class=\"w-separator size_huge\"><\/div><\/div><\/div><\/div><\/div><\/div><\/section>\n","protected":false},"excerpt":{"rendered":"[vc_custom_heading text=\"ARKAS ESPA\u00d1A\" font_container=\"tag:h1|font_size:80|text_align:center\" use_theme_fonts=\"yes\"] Sobre Nosotros Arkas es una empresa que inici\u00f3 su actividad en Turqu\u00eda a principios de 1900. Actualmente es un holding multinacional que ofrece trabajo a 7300 personas en sus 66 compa\u00f1\u00edas que est\u00e1n operando en diferentes \u00e1reas entre las que se encuentran los servicios log\u00edsticos que incluye transporte mar\u00edtimo, carretera,...","protected":false},"author":1,"featured_media":0,"parent":0,"menu_order":0,"comment_status":"closed","ping_status":"closed","template":"","meta":[],"acf":[],"yoast_head":"<!-- This site is optimized with the Yoast SEO plugin v20.3 - https:\/\/yoast.com\/wordpress\/plugins\/seo\/ -->\n<title>Sobre Nosotros - Arkas Ukraine<\/title>\n<meta name=\"robots\" content=\"index, follow, max-snippet:-1, max-image-preview:large, max-video-preview:-1\" \/>\n<link rel=\"canonical\" href=\"https:\/\/arkasspain.com\/demo\/sobre-nosotros\/\" \/>\n<meta property=\"og:locale\" content=\"tr_TR\" \/>\n<meta property=\"og:type\" content=\"article\" \/>\n<meta property=\"og:title\" content=\"Sobre Nosotros - Arkas Ukraine\" \/>\n<meta property=\"og:url\" content=\"https:\/\/arkasspain.com\/demo\/sobre-nosotros\/\" \/>\n<meta property=\"og:site_name\" content=\"Arkas Ukraine\" \/>\n<meta property=\"article:publisher\" content=\"https:\/\/www.facebook.com\/arkasholding\" \/>\n<meta property=\"article:modified_time\" content=\"2023-03-24T12:10:58+00:00\" \/>\n<meta name=\"twitter:card\" content=\"summary_large_image\" \/>\n<meta name=\"twitter:site\" content=\"@arkas_holding\" \/>\n<meta name=\"twitter:label1\" content=\"Tahmini okuma s\u00fcresi\" \/>\n\t<meta name=\"twitter:data1\" content=\"2 dakika\" \/>\n<script type=\"application\/ld+json\" class=\"yoast-schema-graph\">{\"@context\":\"https:\/\/schema.org\",\"@graph\":[{\"@type\":\"WebPage\",\"@id\":\"https:\/\/arkasspain.com\/demo\/sobre-nosotros\/\",\"url\":\"https:\/\/arkasspain.com\/demo\/sobre-nosotros\/\",\"name\":\"Sobre Nosotros - Arkas Ukraine\",\"isPartOf\":{\"@id\":\"https:\/\/arkasspain.com\/demo\/#website\"},\"datePublished\":\"2020-06-18T13:58:18+00:00\",\"dateModified\":\"2023-03-24T12:10:58+00:00\",\"breadcrumb\":{\"@id\":\"https:\/\/arkasspain.com\/demo\/sobre-nosotros\/#breadcrumb\"},\"inLanguage\":\"tr\",\"potentialAction\":[{\"@type\":\"ReadAction\",\"target\":[\"https:\/\/arkasspain.com\/demo\/sobre-nosotros\/\"]}]},{\"@type\":\"BreadcrumbList\",\"@id\":\"https:\/\/arkasspain.com\/demo\/sobre-nosotros\/#breadcrumb\",\"itemListElement\":[{\"@type\":\"ListItem\",\"position\":1,\"name\":\"Ana sayfa\",\"item\":\"https:\/\/arkasspain.com\/demo\/\"},{\"@type\":\"ListItem\",\"position\":2,\"name\":\"Sobre Nosotros\"}]},{\"@type\":\"WebSite\",\"@id\":\"https:\/\/arkasspain.com\/demo\/#website\",\"url\":\"https:\/\/arkasspain.com\/demo\/\",\"name\":\"Arkas Spain\",\"description\":\"\",\"publisher\":{\"@id\":\"https:\/\/arkasspain.com\/demo\/#organization\"},\"potentialAction\":[{\"@type\":\"SearchAction\",\"target\":{\"@type\":\"EntryPoint\",\"urlTemplate\":\"https:\/\/arkasspain.com\/demo\/?s={search_term_string}\"},\"query-input\":\"required name=search_term_string\"}],\"inLanguage\":\"tr\"},{\"@type\":\"Organization\",\"@id\":\"https:\/\/arkasspain.com\/demo\/#organization\",\"name\":\"Arkas Spain\",\"url\":\"https:\/\/arkasspain.com\/demo\/\",\"logo\":{\"@type\":\"ImageObject\",\"inLanguage\":\"tr\",\"@id\":\"https:\/\/arkasspain.com\/demo\/#\/schema\/logo\/image\/\",\"url\":\"http:\/\/arkasspain.com\/wp-content\/uploads\/2020\/08\/arkas-spain.png\",\"contentUrl\":\"http:\/\/arkasspain.com\/wp-content\/uploads\/2020\/08\/arkas-spain.png\",\"width\":1024,\"height\":348,\"caption\":\"Arkas Spain\"},\"image\":{\"@id\":\"https:\/\/arkasspain.com\/demo\/#\/schema\/logo\/image\/\"},\"sameAs\":[\"https:\/\/www.facebook.com\/arkasholding\",\"https:\/\/twitter.com\/arkas_holding\",\"https:\/\/www.instagram.com\/arkasholding\/\",\"http:\/\/www.linkedin.com\/company\/arkas-holding\/\",\"https:\/\/www.youtube.com\/channel\/UC9S6UfkNpJwcM-1xLy0Ga6A\/featured\",\"https:\/\/tr.wikipedia.org\/wiki\/Arkas_Holding\"]}]}<\/script>\n<!-- \/ Yoast SEO plugin. -->","yoast_head_json":{"title":"Sobre Nosotros - Arkas Ukraine","robots":{"index":"index","follow":"follow","max-snippet":"max-snippet:-1","max-image-preview":"max-image-preview:large","max-video-preview":"max-video-preview:-1"},"canonical":"https:\/\/arkasspain.com\/demo\/sobre-nosotros\/","og_locale":"tr_TR","og_type":"article","og_title":"Sobre Nosotros - Arkas Ukraine","og_url":"https:\/\/arkasspain.com\/demo\/sobre-nosotros\/","og_site_name":"Arkas Ukraine","article_publisher":"https:\/\/www.facebook.com\/arkasholding","article_modified_time":"2023-03-24T12:10:58+00:00","twitter_card":"summary_large_image","twitter_site":"@arkas_holding","twitter_misc":{"Tahmini okuma s\u00fcresi":"2 dakika"},"schema":{"@context":"https:\/\/schema.org","@graph":[{"@type":"WebPage","@id":"https:\/\/arkasspain.com\/demo\/sobre-nosotros\/","url":"https:\/\/arkasspain.com\/demo\/sobre-nosotros\/","name":"Sobre Nosotros - Arkas Ukraine","isPartOf":{"@id":"https:\/\/arkasspain.com\/demo\/#website"},"datePublished":"2020-06-18T13:58:18+00:00","dateModified":"2023-03-24T12:10:58+00:00","breadcrumb":{"@id":"https:\/\/arkasspain.com\/demo\/sobre-nosotros\/#breadcrumb"},"inLanguage":"tr","potentialAction":[{"@type":"ReadAction","target":["https:\/\/arkasspain.com\/demo\/sobre-nosotros\/"]}]},{"@type":"BreadcrumbList","@id":"https:\/\/arkasspain.com\/demo\/sobre-nosotros\/#breadcrumb","itemListElement":[{"@type":"ListItem","position":1,"name":"Ana sayfa","item":"https:\/\/arkasspain.com\/demo\/"},{"@type":"ListItem","position":2,"name":"Sobre Nosotros"}]},{"@type":"WebSite","@id":"https:\/\/arkasspain.com\/demo\/#website","url":"https:\/\/arkasspain.com\/demo\/","name":"Arkas Spain","description":"","publisher":{"@id":"https:\/\/arkasspain.com\/demo\/#organization"},"potentialAction":[{"@type":"SearchAction","target":{"@type":"EntryPoint","urlTemplate":"https:\/\/arkasspain.com\/demo\/?s={search_term_string}"},"query-input":"required name=search_term_string"}],"inLanguage":"tr"},{"@type":"Organization","@id":"https:\/\/arkasspain.com\/demo\/#organization","name":"Arkas Spain","url":"https:\/\/arkasspain.com\/demo\/","logo":{"@type":"ImageObject","inLanguage":"tr","@id":"https:\/\/arkasspain.com\/demo\/#\/schema\/logo\/image\/","url":"http:\/\/arkasspain.com\/wp-content\/uploads\/2020\/08\/arkas-spain.png","contentUrl":"http:\/\/arkasspain.com\/wp-content\/uploads\/2020\/08\/arkas-spain.png","width":1024,"height":348,"caption":"Arkas Spain"},"image":{"@id":"https:\/\/arkasspain.com\/demo\/#\/schema\/logo\/image\/"},"sameAs":["https:\/\/www.facebook.com\/arkasholding","https:\/\/twitter.com\/arkas_holding","https:\/\/www.instagram.com\/arkasholding\/","http:\/\/www.linkedin.com\/company\/arkas-holding\/","https:\/\/www.youtube.com\/channel\/UC9S6UfkNpJwcM-1xLy0Ga6A\/featured","https:\/\/tr.wikipedia.org\/wiki\/Arkas_Holding"]}]}},"_links":{"self":[{"href":"https:\/\/arkasspain.com\/demo\/wp-json\/wp\/v2\/pages\/7752"}],"collection":[{"href":"https:\/\/arkasspain.com\/demo\/wp-json\/wp\/v2\/pages"}],"about":[{"href":"https:\/\/arkasspain.com\/demo\/wp-json\/wp\/v2\/types\/page"}],"author":[{"embeddable":true,"href":"https:\/\/arkasspain.com\/demo\/wp-json\/wp\/v2\/users\/1"}],"replies":[{"embeddable":true,"href":"https:\/\/arkasspain.com\/demo\/wp-json\/wp\/v2\/comments?post=7752"}],"version-history":[{"count":3,"href":"https:\/\/arkasspain.com\/demo\/wp-json\/wp\/v2\/pages\/7752\/revisions"}],"predecessor-version":[{"id":7806,"href":"https:\/\/arkasspain.com\/demo\/wp-json\/wp\/v2\/pages\/7752\/revisions\/7806"}],"wp:attachment":[{"href":"https:\/\/arkasspain.com\/demo\/wp-json\/wp\/v2\/media?parent=7752"}],"curies":[{"name":"wp","href":"https:\/\/api.w.org\/{rel}","templated":true}]}}