{"id":7827,"date":"2023-03-24T15:04:34","date_gmt":"2023-03-24T12:04:34","guid":{"rendered":"https:\/\/arkasspain.com\/?page_id=7827"},"modified":"2023-03-24T15:04:34","modified_gmt":"2023-03-24T12:04:34","slug":"politica-de-privacidad","status":"publish","type":"page","link":"https:\/\/arkasspain.com\/demo\/politica-de-privacidad\/","title":{"rendered":"Pol\u00edtica de Privacidad"},"content":{"rendered":"<section class=\"l-section wpb_row height_medium\"><div class=\"l-section-h i-cf\"><div class=\"g-cols vc_row type_default valign_top\"><div class=\"vc_col-sm-12 wpb_column vc_column_container\"><div class=\"vc_column-inner\"><div class=\"wpb_wrapper\">\r\n\t<div class=\"wpb_text_column \">\r\n\t\t<div class=\"wpb_wrapper\">\r\n\t\t\t<p>De conformidad con lo dispuesto en la normativa de protecci\u00f3n de datos, Usted queda informado de que ARKAS SPAIN S.A. (\u201cARKAS\u201d) con domicilio en Edificio Mozart, Passeig de l&#8217;Albereda, 34, 46023 Valencia, tratar\u00e1 los datos de car\u00e1cter personal que Usted ha proporcionado, as\u00ed como los que nos proporcione, en su caso, en el curso de una posible entrevista personal, con la finalidad de gestionar su posible participaci\u00f3n en los procesos de selecci\u00f3n actuales, as\u00ed como para mantenerle informado de los posibles procesos de selecci\u00f3n en los que pudiera encajar en un futuro. Asimismo, Usted queda informado de que ARKAS se reserva la facultad de no tramitar solicitudes incompletas.<\/p>\n<p>Los datos que Usted nos facilita son necesarios para la gesti\u00f3n y tramitaci\u00f3n de los procesos de selecci\u00f3n de personal de ARKAS y el hecho de no facilitarlos supondr\u00eda la imposibilidad de poder gestionar tales procesos de selecci\u00f3n. El tratamiento, por tanto, se basa en el inter\u00e9s leg\u00edtimo de ARKAS de realizar los procedimientos necesarios para poder llevar a cabo el reclutamiento de personal, de la misma forma que entendemos que Usted, al enviar su curr\u00edculum, consiente y espera razonablemente que sus datos sean tratados de acuerdo con estos fines, por lo que entendemos que el mismo es conforme a sus intereses y respetuoso con sus derechos.<\/p>\n<p>Usted garantiza la veracidad de los datos de car\u00e1cter personal proporcionados a ARKAS. Asimismo, ARKAS podr\u00e1 peri\u00f3dicamente solicitarle la revisi\u00f3n y actualizaci\u00f3n de los datos personales que sobre Usted mantenga. Sus datos ser\u00e1n conservados el plazo necesario para tramitar los procesos de selecci\u00f3n en los que Usted participe o pueda participar, siendo eliminados cuando se determine que no existe ning\u00fan proceso en el que su perfil pueda encajar.<\/p>\n<p>No obstante, lo anterior, Usted podr\u00e1 ponerse en contacto cuando as\u00ed lo estime con ARKAS, pudiendo ejercitar sus derechos de acceso, rectificaci\u00f3n, supresi\u00f3n, limitaci\u00f3n, oposici\u00f3n, as\u00ed como el derecho a la portabilidad de sus datos y a no ser objeto de decisiones automatizadas, mediante solicitud dirigida a ARKAS Edificio Mozart, Passeig de l&#8217;Albereda, 34, 46023 Valencia, o a la siguiente direcci\u00f3n de correo electr\u00f3nico <a href=\"mailto:hr@arkas-spain.com\">hr@arkas-spain.com<\/a><\/p>\n<p>Por \u00faltimo, en el caso que Usted lo entienda necesario, puede dirigirse a la Agencia Espa\u00f1ola de Protecci\u00f3n de Datos, con domicilio en calle Jorge Juan, 6, 28001, Madrid, con el fin de salvaguardar sus derechos.<\/p>\n\r\n\t\t<\/div>\r\n\t<\/div>\r\n<\/div><\/div><\/div><\/div><\/div><\/section>\n","protected":false},"excerpt":{"rendered":"De conformidad con lo dispuesto en la normativa de protecci\u00f3n de datos, Usted queda informado de que ARKAS SPAIN S.A. (\u201cARKAS\u201d) con domicilio en Edificio Mozart, Passeig de l'Albereda, 34, 46023 Valencia, tratar\u00e1 los datos de car\u00e1cter personal que Usted ha proporcionado, as\u00ed como los que nos proporcione, en su caso, en el curso de...","protected":false},"author":1,"featured_media":0,"parent":0,"menu_order":0,"comment_status":"closed","ping_status":"closed","template":"","meta":[],"acf":[],"yoast_head":"<!-- This site is optimized with the Yoast SEO plugin v20.3 - https:\/\/yoast.com\/wordpress\/plugins\/seo\/ -->\n<title>Pol\u00edtica de Privacidad - Arkas Ukraine<\/title>\n<meta name=\"robots\" content=\"index, follow, max-snippet:-1, max-image-preview:large, max-video-preview:-1\" \/>\n<link rel=\"canonical\" href=\"https:\/\/arkasspain.com\/demo\/politica-de-privacidad\/\" \/>\n<meta property=\"og:locale\" content=\"tr_TR\" \/>\n<meta property=\"og:type\" content=\"article\" \/>\n<meta property=\"og:title\" content=\"Pol\u00edtica de Privacidad - Arkas Ukraine\" \/>\n<meta property=\"og:url\" content=\"https:\/\/arkasspain.com\/demo\/politica-de-privacidad\/\" \/>\n<meta property=\"og:site_name\" content=\"Arkas Ukraine\" \/>\n<meta property=\"article:publisher\" content=\"https:\/\/www.facebook.com\/arkasholding\" \/>\n<meta name=\"twitter:card\" content=\"summary_large_image\" \/>\n<meta name=\"twitter:site\" content=\"@arkas_holding\" \/>\n<meta name=\"twitter:label1\" content=\"Tahmini okuma s\u00fcresi\" \/>\n\t<meta name=\"twitter:data1\" content=\"3 dakika\" \/>\n<script type=\"application\/ld+json\" class=\"yoast-schema-graph\">{\"@context\":\"https:\/\/schema.org\",\"@graph\":[{\"@type\":\"WebPage\",\"@id\":\"https:\/\/arkasspain.com\/demo\/politica-de-privacidad\/\",\"url\":\"https:\/\/arkasspain.com\/demo\/politica-de-privacidad\/\",\"name\":\"Pol\u00edtica de Privacidad - Arkas Ukraine\",\"isPartOf\":{\"@id\":\"https:\/\/arkasspain.com\/demo\/#website\"},\"datePublished\":\"2023-03-24T12:04:34+00:00\",\"dateModified\":\"2023-03-24T12:04:34+00:00\",\"breadcrumb\":{\"@id\":\"https:\/\/arkasspain.com\/demo\/politica-de-privacidad\/#breadcrumb\"},\"inLanguage\":\"tr\",\"potentialAction\":[{\"@type\":\"ReadAction\",\"target\":[\"https:\/\/arkasspain.com\/demo\/politica-de-privacidad\/\"]}]},{\"@type\":\"BreadcrumbList\",\"@id\":\"https:\/\/arkasspain.com\/demo\/politica-de-privacidad\/#breadcrumb\",\"itemListElement\":[{\"@type\":\"ListItem\",\"position\":1,\"name\":\"Ana sayfa\",\"item\":\"https:\/\/arkasspain.com\/demo\/\"},{\"@type\":\"ListItem\",\"position\":2,\"name\":\"Pol\u00edtica de Privacidad\"}]},{\"@type\":\"WebSite\",\"@id\":\"https:\/\/arkasspain.com\/demo\/#website\",\"url\":\"https:\/\/arkasspain.com\/demo\/\",\"name\":\"Arkas Spain\",\"description\":\"\",\"publisher\":{\"@id\":\"https:\/\/arkasspain.com\/demo\/#organization\"},\"potentialAction\":[{\"@type\":\"SearchAction\",\"target\":{\"@type\":\"EntryPoint\",\"urlTemplate\":\"https:\/\/arkasspain.com\/demo\/?s={search_term_string}\"},\"query-input\":\"required name=search_term_string\"}],\"inLanguage\":\"tr\"},{\"@type\":\"Organization\",\"@id\":\"https:\/\/arkasspain.com\/demo\/#organization\",\"name\":\"Arkas Spain\",\"url\":\"https:\/\/arkasspain.com\/demo\/\",\"logo\":{\"@type\":\"ImageObject\",\"inLanguage\":\"tr\",\"@id\":\"https:\/\/arkasspain.com\/demo\/#\/schema\/logo\/image\/\",\"url\":\"http:\/\/arkasspain.com\/wp-content\/uploads\/2020\/08\/arkas-spain.png\",\"contentUrl\":\"http:\/\/arkasspain.com\/wp-content\/uploads\/2020\/08\/arkas-spain.png\",\"width\":1024,\"height\":348,\"caption\":\"Arkas Spain\"},\"image\":{\"@id\":\"https:\/\/arkasspain.com\/demo\/#\/schema\/logo\/image\/\"},\"sameAs\":[\"https:\/\/www.facebook.com\/arkasholding\",\"https:\/\/twitter.com\/arkas_holding\",\"https:\/\/www.instagram.com\/arkasholding\/\",\"http:\/\/www.linkedin.com\/company\/arkas-holding\/\",\"https:\/\/www.youtube.com\/channel\/UC9S6UfkNpJwcM-1xLy0Ga6A\/featured\",\"https:\/\/tr.wikipedia.org\/wiki\/Arkas_Holding\"]}]}<\/script>\n<!-- \/ Yoast SEO plugin. -->","yoast_head_json":{"title":"Pol\u00edtica de Privacidad - Arkas Ukraine","robots":{"index":"index","follow":"follow","max-snippet":"max-snippet:-1","max-image-preview":"max-image-preview:large","max-video-preview":"max-video-preview:-1"},"canonical":"https:\/\/arkasspain.com\/demo\/politica-de-privacidad\/","og_locale":"tr_TR","og_type":"article","og_title":"Pol\u00edtica de Privacidad - Arkas Ukraine","og_url":"https:\/\/arkasspain.com\/demo\/politica-de-privacidad\/","og_site_name":"Arkas Ukraine","article_publisher":"https:\/\/www.facebook.com\/arkasholding","twitter_card":"summary_large_image","twitter_site":"@arkas_holding","twitter_misc":{"Tahmini okuma s\u00fcresi":"3 dakika"},"schema":{"@context":"https:\/\/schema.org","@graph":[{"@type":"WebPage","@id":"https:\/\/arkasspain.com\/demo\/politica-de-privacidad\/","url":"https:\/\/arkasspain.com\/demo\/politica-de-privacidad\/","name":"Pol\u00edtica de Privacidad - Arkas Ukraine","isPartOf":{"@id":"https:\/\/arkasspain.com\/demo\/#website"},"datePublished":"2023-03-24T12:04:34+00:00","dateModified":"2023-03-24T12:04:34+00:00","breadcrumb":{"@id":"https:\/\/arkasspain.com\/demo\/politica-de-privacidad\/#breadcrumb"},"inLanguage":"tr","potentialAction":[{"@type":"ReadAction","target":["https:\/\/arkasspain.com\/demo\/politica-de-privacidad\/"]}]},{"@type":"BreadcrumbList","@id":"https:\/\/arkasspain.com\/demo\/politica-de-privacidad\/#breadcrumb","itemListElement":[{"@type":"ListItem","position":1,"name":"Ana sayfa","item":"https:\/\/arkasspain.com\/demo\/"},{"@type":"ListItem","position":2,"name":"Pol\u00edtica de Privacidad"}]},{"@type":"WebSite","@id":"https:\/\/arkasspain.com\/demo\/#website","url":"https:\/\/arkasspain.com\/demo\/","name":"Arkas Spain","description":"","publisher":{"@id":"https:\/\/arkasspain.com\/demo\/#organization"},"potentialAction":[{"@type":"SearchAction","target":{"@type":"EntryPoint","urlTemplate":"https:\/\/arkasspain.com\/demo\/?s={search_term_string}"},"query-input":"required name=search_term_string"}],"inLanguage":"tr"},{"@type":"Organization","@id":"https:\/\/arkasspain.com\/demo\/#organization","name":"Arkas Spain","url":"https:\/\/arkasspain.com\/demo\/","logo":{"@type":"ImageObject","inLanguage":"tr","@id":"https:\/\/arkasspain.com\/demo\/#\/schema\/logo\/image\/","url":"http:\/\/arkasspain.com\/wp-content\/uploads\/2020\/08\/arkas-spain.png","contentUrl":"http:\/\/arkasspain.com\/wp-content\/uploads\/2020\/08\/arkas-spain.png","width":1024,"height":348,"caption":"Arkas Spain"},"image":{"@id":"https:\/\/arkasspain.com\/demo\/#\/schema\/logo\/image\/"},"sameAs":["https:\/\/www.facebook.com\/arkasholding","https:\/\/twitter.com\/arkas_holding","https:\/\/www.instagram.com\/arkasholding\/","http:\/\/www.linkedin.com\/company\/arkas-holding\/","https:\/\/www.youtube.com\/channel\/UC9S6UfkNpJwcM-1xLy0Ga6A\/featured","https:\/\/tr.wikipedia.org\/wiki\/Arkas_Holding"]}]}},"_links":{"self":[{"href":"https:\/\/arkasspain.com\/demo\/wp-json\/wp\/v2\/pages\/7827"}],"collection":[{"href":"https:\/\/arkasspain.com\/demo\/wp-json\/wp\/v2\/pages"}],"about":[{"href":"https:\/\/arkasspain.com\/demo\/wp-json\/wp\/v2\/types\/page"}],"author":[{"embeddable":true,"href":"https:\/\/arkasspain.com\/demo\/wp-json\/wp\/v2\/users\/1"}],"replies":[{"embeddable":true,"href":"https:\/\/arkasspain.com\/demo\/wp-json\/wp\/v2\/comments?post=7827"}],"version-history":[{"count":1,"href":"https:\/\/arkasspain.com\/demo\/wp-json\/wp\/v2\/pages\/7827\/revisions"}],"predecessor-version":[{"id":7828,"href":"https:\/\/arkasspain.com\/demo\/wp-json\/wp\/v2\/pages\/7827\/revisions\/7828"}],"wp:attachment":[{"href":"https:\/\/arkasspain.com\/demo\/wp-json\/wp\/v2\/media?parent=7827"}],"curies":[{"name":"wp","href":"https:\/\/api.w.org\/{rel}","templated":true}]}}